{"id":2360,"date":"2016-03-27T16:11:42","date_gmt":"2016-03-27T16:11:42","guid":{"rendered":"https:\/\/okthemes.com\/villenoirdarkdemo\/product\/villenoir-riesling-2-2-2\/"},"modified":"2023-04-20T14:03:59","modified_gmt":"2023-04-20T14:03:59","slug":"mademoiselle-vermentino-blanc","status":"publish","type":"product","link":"https:\/\/mademoiselle-winery.com\/?product=mademoiselle-vermentino-blanc","title":{"rendered":"Mademoiselle Vermentino Blanc"},"content":{"rendered":"","protected":false},"excerpt":{"rendered":"<p><em><strong>Vif et frais.<\/strong><\/em><\/p>\n<p>R\u00e9alis\u00e9 pour la premi\u00e8re fois en France, ce Mademoiselle Blanc vous surprendra par sa couleur or vert, cristalline et ses reflets dor\u00e9s. Le nez est aromatique, frais, aux ar\u00f4mes de fleurs blanches, d&rsquo;agrumes et plus particuli\u00e8rement de citron. La bouche est vive, min\u00e9rale et saline.<\/p>\n","protected":false},"featured_media":3236,"template":"","meta":[],"product_brand":[],"product_cat":[17],"product_tag":[],"class_list":{"0":"post-2360","1":"product","2":"type-product","3":"status-publish","4":"has-post-thumbnail","6":"product_cat-vin-blanc","8":"first","9":"instock","10":"shipping-taxable","11":"purchasable","12":"product-type-simple"},"acf":[],"_links":{"self":[{"href":"https:\/\/mademoiselle-winery.com\/index.php?rest_route=\/wp\/v2\/product\/2360","targetHints":{"allow":["GET"]}}],"collection":[{"href":"https:\/\/mademoiselle-winery.com\/index.php?rest_route=\/wp\/v2\/product"}],"about":[{"href":"https:\/\/mademoiselle-winery.com\/index.php?rest_route=\/wp\/v2\/types\/product"}],"wp:featuredmedia":[{"embeddable":true,"href":"https:\/\/mademoiselle-winery.com\/index.php?rest_route=\/wp\/v2\/media\/3236"}],"wp:attachment":[{"href":"https:\/\/mademoiselle-winery.com\/index.php?rest_route=%2Fwp%2Fv2%2Fmedia&parent=2360"}],"wp:term":[{"taxonomy":"product_brand","embeddable":true,"href":"https:\/\/mademoiselle-winery.com\/index.php?rest_route=%2Fwp%2Fv2%2Fproduct_brand&post=2360"},{"taxonomy":"product_cat","embeddable":true,"href":"https:\/\/mademoiselle-winery.com\/index.php?rest_route=%2Fwp%2Fv2%2Fproduct_cat&post=2360"},{"taxonomy":"product_tag","embeddable":true,"href":"https:\/\/mademoiselle-winery.com\/index.php?rest_route=%2Fwp%2Fv2%2Fproduct_tag&post=2360"}],"curies":[{"name":"wp","href":"https:\/\/api.w.org\/{rel}","templated":true}]}}