{"id":2996,"date":"2016-03-27T16:07:30","date_gmt":"2016-03-27T16:07:30","guid":{"rendered":"https:\/\/okthemes.com\/villenoirdarkdemo\/product\/villenoir-cabernet-pinot-noir\/"},"modified":"2023-04-20T12:52:57","modified_gmt":"2023-04-20T12:52:57","slug":"cabernet-sauvignon-reserve","status":"publish","type":"product","link":"https:\/\/mademoiselle-winery.com\/?product=cabernet-sauvignon-reserve","title":{"rendered":"Cabernet Sauvignon Reserve"},"content":{"rendered":"<section class=\"wpb-content-wrapper\"><p>[vc_row equal_height=\u00a0\u00bbyes\u00a0\u00bb content_placement=\u00a0\u00bbmiddle\u00a0\u00bb css=\u00a0\u00bb.vc_custom_1636231000384{padding-top: 0px !important;padding-bottom: 0px !important;}\u00a0\u00bb][vc_column css=\u00a0\u00bb.vc_custom_1636230994456{padding-top: 20% !important;padding-right: 20% !important;padding-bottom: 20% !important;padding-left: 20% !important;background-color: #121212 !important;}\u00a0\u00bb offset=\u00a0\u00bbvc_col-lg-6 vc_col-md-6&Prime;]\n\t<div class=\"title-subtitle-box  \" style=\" text-align: left;\">\n\t\t<p  style=\"\">Wine specs<\/p>\n\t\t<h1 style=\" font-style: normal;\">Tasting notes<\/h1>\n\t<\/div> [vc_column_text css=\u00a0\u00bb.vc_custom_1460727890422{margin-bottom: 0px !important;}\u00a0\u00bb]Deep garnet with a vibrant ruby edge, velvety soft on the palate with bright cherry to plum flavors. This wine is weighty and full of fresh ripe berries with rich, dark accents of cocoa nib. Intriguing and delicious. Aromas of dark chocolate, plum, black cherry, cedar and tarragon jump from the glass.<\/p>\n<p>A potent perfumed mix of berries, fresh herbs and roasted notes with a bit a mineral. A compelling blend of fresh and bright aroma next the rich and dark.[\/vc_column_text][\/vc_column][vc_column css=\u00a0\u00bb.vc_custom_1636449066574{padding-top: 0px !important;padding-right: 0px !important;padding-bottom: 0px !important;padding-left: 0px !important;background-image: url(https:\/\/okthemes.com\/villenoirdarkdemo\/wp-content\/uploads\/2021\/11\/dummy-image-tall.jpg?id=2926) !important;background-position: center !important;background-repeat: no-repeat !important;background-size: cover !important;}\u00a0\u00bb offset=\u00a0\u00bbvc_col-lg-6 vc_col-md-6 vc_hidden-sm vc_hidden-xs\u00a0\u00bb][vc_empty_space height=\u00a0\u00bb500px\u00a0\u00bb][\/vc_column][\/vc_row][vc_row equal_height=\u00a0\u00bbyes\u00a0\u00bb content_placement=\u00a0\u00bbmiddle\u00a0\u00bb css=\u00a0\u00bb.vc_custom_1636231023148{padding-top: 0px !important;padding-bottom: 0px !important;}\u00a0\u00bb][vc_column css=\u00a0\u00bb.vc_custom_1636449080888{padding-top: 0px !important;padding-right: 0px !important;padding-bottom: 0px !important;padding-left: 0px !important;background-image: url(https:\/\/okthemes.com\/villenoirdarkdemo\/wp-content\/uploads\/2021\/11\/dummy-image-tall.jpg?id=2926) !important;background-position: center !important;background-repeat: no-repeat !important;background-size: cover !important;}\u00a0\u00bb offset=\u00a0\u00bbvc_col-lg-6 vc_col-md-6 vc_hidden-sm vc_hidden-xs\u00a0\u00bb][vc_empty_space height=\u00a0\u00bb500px\u00a0\u00bb][\/vc_column][vc_column css=\u00a0\u00bb.vc_custom_1636231018665{padding-top: 20% !important;padding-right: 20% !important;padding-bottom: 20% !important;padding-left: 20% !important;background-color: #121212 !important;}\u00a0\u00bb offset=\u00a0\u00bbvc_col-lg-6 vc_col-md-6&Prime;]\n\t<div class=\"title-subtitle-box  \" style=\" text-align: left;\">\n\t\t<p  style=\"\">Wine specs<\/p>\n\t\t<h1 style=\" font-style: normal;\">Food pairing notes<\/h1>\n\t<\/div> [vc_column_text]One of our favorite blocks from the Villenoir vineyard. This block tends to lift the aromatic character and soften the palate of our Cabernet Sauvignon. We are proud to offer this very limited and barrel selected wine as a stand alone block.[\/vc_column_text][\/vc_column][\/vc_row][vc_row equal_height=\u00a0\u00bbyes\u00a0\u00bb content_placement=\u00a0\u00bbmiddle\u00a0\u00bb css=\u00a0\u00bb.vc_custom_1636231059071{padding-top: 0px !important;padding-bottom: 0px !important;}\u00a0\u00bb][vc_column css=\u00a0\u00bb.vc_custom_1636231052207{padding-top: 20% !important;padding-right: 20% !important;padding-bottom: 20% !important;padding-left: 20% !important;background-color: #121212 !important;}\u00a0\u00bb offset=\u00a0\u00bbvc_col-lg-6 vc_col-md-6&Prime;]\n\t<div class=\"title-subtitle-box  \" style=\" text-align: left;\">\n\t\t<p  style=\"\">Wine specs<\/p>\n\t\t<h1 style=\" font-style: normal;\">Winemaker notes<\/h1>\n\t<\/div> [vc_column_text]Deep garnet with a vibrant ruby edge, velvety soft on the palate with bright cherry to plum flavors. This wine is weighty and full of fresh ripe berries with rich, dark accents of cocoa nib. Intriguing and delicious.<\/p>\n<p>Aromas of dark chocolate, plum, black cherry, cedar and tarragon jump from the glass.[\/vc_column_text][\/vc_column][vc_column css=\u00a0\u00bb.vc_custom_1636449098718{padding-top: 0px !important;padding-right: 0px !important;padding-bottom: 0px !important;padding-left: 0px !important;background-image: url(https:\/\/okthemes.com\/villenoirdarkdemo\/wp-content\/uploads\/2021\/11\/dummy-image-tall.jpg?id=2926) !important;background-position: center !important;background-repeat: no-repeat !important;background-size: cover !important;}\u00a0\u00bb offset=\u00a0\u00bbvc_col-lg-6 vc_col-md-6 vc_hidden-sm vc_hidden-xs\u00a0\u00bb][vc_empty_space height=\u00a0\u00bb500px\u00a0\u00bb][\/vc_column][\/vc_row]<\/p>\n<\/section>","protected":false},"excerpt":{"rendered":"<p><strong>Fruit\u00e9e et piment\u00e9e<\/strong><\/p>\n<p>Ce vin rouge se caract\u00e9rise par une robe d\u2019un rouge profond. Au nez, il d\u00e9gage une note fruit\u00e9e et bois\u00e9e. En bouche, il est complexe avec des ar\u00f4mes riches et puissants. Il a des saveurs de prune, de fruits rouges et de cerise noire. Il a une finale lisse avec un arri\u00e8re-go\u00fbt piment\u00e9.<\/p>\n","protected":false},"featured_media":3237,"template":"","meta":[],"product_brand":[],"product_cat":[34],"product_tag":[],"class_list":{"0":"post-2996","1":"product","2":"type-product","3":"status-publish","4":"has-post-thumbnail","6":"product_cat-vin-rouge","8":"first","9":"instock","10":"shipping-taxable","11":"purchasable","12":"product-type-simple"},"acf":[],"_links":{"self":[{"href":"https:\/\/mademoiselle-winery.com\/index.php?rest_route=\/wp\/v2\/product\/2996","targetHints":{"allow":["GET"]}}],"collection":[{"href":"https:\/\/mademoiselle-winery.com\/index.php?rest_route=\/wp\/v2\/product"}],"about":[{"href":"https:\/\/mademoiselle-winery.com\/index.php?rest_route=\/wp\/v2\/types\/product"}],"wp:featuredmedia":[{"embeddable":true,"href":"https:\/\/mademoiselle-winery.com\/index.php?rest_route=\/wp\/v2\/media\/3237"}],"wp:attachment":[{"href":"https:\/\/mademoiselle-winery.com\/index.php?rest_route=%2Fwp%2Fv2%2Fmedia&parent=2996"}],"wp:term":[{"taxonomy":"product_brand","embeddable":true,"href":"https:\/\/mademoiselle-winery.com\/index.php?rest_route=%2Fwp%2Fv2%2Fproduct_brand&post=2996"},{"taxonomy":"product_cat","embeddable":true,"href":"https:\/\/mademoiselle-winery.com\/index.php?rest_route=%2Fwp%2Fv2%2Fproduct_cat&post=2996"},{"taxonomy":"product_tag","embeddable":true,"href":"https:\/\/mademoiselle-winery.com\/index.php?rest_route=%2Fwp%2Fv2%2Fproduct_tag&post=2996"}],"curies":[{"name":"wp","href":"https:\/\/api.w.org\/{rel}","templated":true}]}}