{"id":3172,"date":"2023-03-31T18:14:18","date_gmt":"2023-03-31T18:14:18","guid":{"rendered":"http:\/\/mademoiselle-winery.com\/?post_type=product&#038;p=3172"},"modified":"2023-04-20T13:49:38","modified_gmt":"2023-04-20T13:49:38","slug":"cabernet-sauvignon","status":"publish","type":"product","link":"https:\/\/mademoiselle-winery.com\/?product=cabernet-sauvignon","title":{"rendered":"Cabernet Sauvignon"},"content":{"rendered":"","protected":false},"excerpt":{"rendered":"<p><em><strong>Un rouge velout\u00e9.<\/strong><\/em><\/p>\n<p>Associant cabernet sauvignon, merlot et petit verdot, ce vin \u00e9quilibr\u00e9 vous offre des parfums de fruits rouges, doubl\u00e9s de notes de ch\u00eane et de menthe. En bouche, ses tanins de velours et sa longue finale font honneur \u00e0 vos plats de viande et de volaille.<\/p>\n","protected":false},"featured_media":3238,"template":"","meta":[],"product_brand":[],"product_cat":[34],"product_tag":[],"class_list":{"0":"post-3172","1":"product","2":"type-product","3":"status-publish","4":"has-post-thumbnail","6":"product_cat-vin-rouge","8":"first","9":"instock","10":"shipping-taxable","11":"purchasable","12":"product-type-simple"},"acf":[],"_links":{"self":[{"href":"https:\/\/mademoiselle-winery.com\/index.php?rest_route=\/wp\/v2\/product\/3172","targetHints":{"allow":["GET"]}}],"collection":[{"href":"https:\/\/mademoiselle-winery.com\/index.php?rest_route=\/wp\/v2\/product"}],"about":[{"href":"https:\/\/mademoiselle-winery.com\/index.php?rest_route=\/wp\/v2\/types\/product"}],"wp:featuredmedia":[{"embeddable":true,"href":"https:\/\/mademoiselle-winery.com\/index.php?rest_route=\/wp\/v2\/media\/3238"}],"wp:attachment":[{"href":"https:\/\/mademoiselle-winery.com\/index.php?rest_route=%2Fwp%2Fv2%2Fmedia&parent=3172"}],"wp:term":[{"taxonomy":"product_brand","embeddable":true,"href":"https:\/\/mademoiselle-winery.com\/index.php?rest_route=%2Fwp%2Fv2%2Fproduct_brand&post=3172"},{"taxonomy":"product_cat","embeddable":true,"href":"https:\/\/mademoiselle-winery.com\/index.php?rest_route=%2Fwp%2Fv2%2Fproduct_cat&post=3172"},{"taxonomy":"product_tag","embeddable":true,"href":"https:\/\/mademoiselle-winery.com\/index.php?rest_route=%2Fwp%2Fv2%2Fproduct_tag&post=3172"}],"curies":[{"name":"wp","href":"https:\/\/api.w.org\/{rel}","templated":true}]}}