{"id":680,"date":"2016-03-27T16:04:32","date_gmt":"2016-03-27T16:04:32","guid":{"rendered":"http:\/\/okthemes.com\/villenoirdemo\/product\/villenoir-aged-merlot\/"},"modified":"2023-04-20T13:57:28","modified_gmt":"2023-04-20T13:57:28","slug":"mademoiselle-brut-rose","status":"publish","type":"product","link":"https:\/\/mademoiselle-winery.com\/?product=mademoiselle-brut-rose","title":{"rendered":"Mademoiselle Brut Ros\u00e9"},"content":{"rendered":"","protected":false},"excerpt":{"rendered":"<p><em><strong>Fruit\u00e9 &amp; mousseux !<\/strong><\/em><\/p>\n<p>Le Mademoiselle Brut Ros\u00e9 est le premier vin mousseux, m\u00e9thode champenoise, de la winery isra\u00e9lienne La Citadelle de Diamant.<\/p>\n<p>R\u00e9alis\u00e9 en C\u00f4tes de Provence, ce vin est dot\u00e9 d&rsquo;une robe \u00e0 la couleur ros\u00e9 intense. Nez de fruits rouges, avec une bouche droite, \u00e9l\u00e9gante, accompagn\u00e9e de fines bulles.<\/p>\n","protected":false},"featured_media":3097,"template":"","meta":[],"product_brand":[],"product_cat":[35],"product_tag":[],"class_list":{"0":"post-680","1":"product","2":"type-product","3":"status-publish","4":"has-post-thumbnail","6":"product_cat-sparkling","8":"first","9":"instock","10":"shipping-taxable","11":"purchasable","12":"product-type-simple"},"acf":[],"_links":{"self":[{"href":"https:\/\/mademoiselle-winery.com\/index.php?rest_route=\/wp\/v2\/product\/680","targetHints":{"allow":["GET"]}}],"collection":[{"href":"https:\/\/mademoiselle-winery.com\/index.php?rest_route=\/wp\/v2\/product"}],"about":[{"href":"https:\/\/mademoiselle-winery.com\/index.php?rest_route=\/wp\/v2\/types\/product"}],"wp:featuredmedia":[{"embeddable":true,"href":"https:\/\/mademoiselle-winery.com\/index.php?rest_route=\/wp\/v2\/media\/3097"}],"wp:attachment":[{"href":"https:\/\/mademoiselle-winery.com\/index.php?rest_route=%2Fwp%2Fv2%2Fmedia&parent=680"}],"wp:term":[{"taxonomy":"product_brand","embeddable":true,"href":"https:\/\/mademoiselle-winery.com\/index.php?rest_route=%2Fwp%2Fv2%2Fproduct_brand&post=680"},{"taxonomy":"product_cat","embeddable":true,"href":"https:\/\/mademoiselle-winery.com\/index.php?rest_route=%2Fwp%2Fv2%2Fproduct_cat&post=680"},{"taxonomy":"product_tag","embeddable":true,"href":"https:\/\/mademoiselle-winery.com\/index.php?rest_route=%2Fwp%2Fv2%2Fproduct_tag&post=680"}],"curies":[{"name":"wp","href":"https:\/\/api.w.org\/{rel}","templated":true}]}}