{"id":682,"date":"2016-03-27T16:07:30","date_gmt":"2016-03-27T16:07:30","guid":{"rendered":"http:\/\/okthemes.com\/villenoirdemo\/product\/villenoir-cabernet-pinot-noir\/"},"modified":"2023-04-20T13:44:28","modified_gmt":"2023-04-20T13:44:28","slug":"reserve-merlot-cabernet-sauvignon","status":"publish","type":"product","link":"https:\/\/mademoiselle-winery.com\/?product=reserve-merlot-cabernet-sauvignon","title":{"rendered":"Merlot \/ Reserve Cabernet Sauvignon"},"content":{"rendered":"","protected":false},"excerpt":{"rendered":"<p><strong>\u00c9pic\u00e9 et fruit\u00e9<\/strong><\/p>\n<p>Ce vin se distingue par sa belle robe d\u2019un rouge profond. Au nez, il d\u00e9veloppe une agr\u00e9able note fruit\u00e9e, bois\u00e9e et \u00e9pic\u00e9e. Il est rond et complexe en bouche. En termes de saveurs, il se caract\u00e9rise par une note piment\u00e9e m\u00e9lang\u00e9e avec celles de la prune, des fruits rouges et de la cerise noire.<\/p>\n","protected":false},"featured_media":3242,"template":"","meta":[],"product_brand":[],"product_cat":[34],"product_tag":[],"class_list":{"0":"post-682","1":"product","2":"type-product","3":"status-publish","4":"has-post-thumbnail","6":"product_cat-vin-rouge","8":"first","9":"instock","10":"shipping-taxable","11":"purchasable","12":"product-type-simple"},"acf":[],"_links":{"self":[{"href":"https:\/\/mademoiselle-winery.com\/index.php?rest_route=\/wp\/v2\/product\/682","targetHints":{"allow":["GET"]}}],"collection":[{"href":"https:\/\/mademoiselle-winery.com\/index.php?rest_route=\/wp\/v2\/product"}],"about":[{"href":"https:\/\/mademoiselle-winery.com\/index.php?rest_route=\/wp\/v2\/types\/product"}],"wp:featuredmedia":[{"embeddable":true,"href":"https:\/\/mademoiselle-winery.com\/index.php?rest_route=\/wp\/v2\/media\/3242"}],"wp:attachment":[{"href":"https:\/\/mademoiselle-winery.com\/index.php?rest_route=%2Fwp%2Fv2%2Fmedia&parent=682"}],"wp:term":[{"taxonomy":"product_brand","embeddable":true,"href":"https:\/\/mademoiselle-winery.com\/index.php?rest_route=%2Fwp%2Fv2%2Fproduct_brand&post=682"},{"taxonomy":"product_cat","embeddable":true,"href":"https:\/\/mademoiselle-winery.com\/index.php?rest_route=%2Fwp%2Fv2%2Fproduct_cat&post=682"},{"taxonomy":"product_tag","embeddable":true,"href":"https:\/\/mademoiselle-winery.com\/index.php?rest_route=%2Fwp%2Fv2%2Fproduct_tag&post=682"}],"curies":[{"name":"wp","href":"https:\/\/api.w.org\/{rel}","templated":true}]}}