{"id":684,"date":"2016-03-27T16:09:35","date_gmt":"2016-03-27T16:09:35","guid":{"rendered":"http:\/\/okthemes.com\/villenoirdemo\/product\/villenoir-chardonnay\/"},"modified":"2023-04-20T13:03:37","modified_gmt":"2023-04-20T13:03:37","slug":"mademoiselle-rose-3","status":"publish","type":"product","link":"https:\/\/mademoiselle-winery.com\/?product=mademoiselle-rose-3","title":{"rendered":"Mademoiselle Ros\u00e9"},"content":{"rendered":"","protected":false},"excerpt":{"rendered":"<p><em><strong>Frais et fruit\u00e9.<\/strong><\/em><\/p>\n<p>Les c\u00e9pages proven\u00e7aux Grenache et Cinsault des plus beaux terroirs de Provence (centre Var) viennent construire cette cuv\u00e9e. La robe est couleur saumon\u00e9e, cristalline avec des reflets ros\u00e9s. Le nez est frais, fruit\u00e9 avec de subtils ar\u00f4mes d\u2019agrumes, de mirabelles et de fruits blancs.<\/p>\n","protected":false},"featured_media":3241,"template":"","meta":[],"product_brand":[],"product_cat":[18],"product_tag":[],"class_list":{"0":"post-684","1":"product","2":"type-product","3":"status-publish","4":"has-post-thumbnail","6":"product_cat-vin-rose","8":"first","9":"instock","10":"shipping-taxable","11":"purchasable","12":"product-type-simple"},"acf":[],"_links":{"self":[{"href":"https:\/\/mademoiselle-winery.com\/index.php?rest_route=\/wp\/v2\/product\/684","targetHints":{"allow":["GET"]}}],"collection":[{"href":"https:\/\/mademoiselle-winery.com\/index.php?rest_route=\/wp\/v2\/product"}],"about":[{"href":"https:\/\/mademoiselle-winery.com\/index.php?rest_route=\/wp\/v2\/types\/product"}],"wp:featuredmedia":[{"embeddable":true,"href":"https:\/\/mademoiselle-winery.com\/index.php?rest_route=\/wp\/v2\/media\/3241"}],"wp:attachment":[{"href":"https:\/\/mademoiselle-winery.com\/index.php?rest_route=%2Fwp%2Fv2%2Fmedia&parent=684"}],"wp:term":[{"taxonomy":"product_brand","embeddable":true,"href":"https:\/\/mademoiselle-winery.com\/index.php?rest_route=%2Fwp%2Fv2%2Fproduct_brand&post=684"},{"taxonomy":"product_cat","embeddable":true,"href":"https:\/\/mademoiselle-winery.com\/index.php?rest_route=%2Fwp%2Fv2%2Fproduct_cat&post=684"},{"taxonomy":"product_tag","embeddable":true,"href":"https:\/\/mademoiselle-winery.com\/index.php?rest_route=%2Fwp%2Fv2%2Fproduct_tag&post=684"}],"curies":[{"name":"wp","href":"https:\/\/api.w.org\/{rel}","templated":true}]}}