{"id":688,"date":"2016-03-27T16:13:09","date_gmt":"2016-03-27T16:13:09","guid":{"rendered":"http:\/\/okthemes.com\/villenoirdemo\/product\/villenoir-sauvignon-blank\/"},"modified":"2023-04-20T14:02:30","modified_gmt":"2023-04-20T14:02:30","slug":"mademoiselle-fanny-rose","status":"publish","type":"product","link":"https:\/\/mademoiselle-winery.com\/?product=mademoiselle-fanny-rose","title":{"rendered":"Mademoiselle Fanny Ros\u00e9"},"content":{"rendered":"","protected":false},"excerpt":{"rendered":"<p><em><strong>Subtil et fruit\u00e9.<\/strong><\/em><\/p>\n<p>Pour la premi\u00e8re fois r\u00e9alis\u00e9 en France, ce ros\u00e9 pr\u00e9sente une robe aux couleurs saumon\u00e9e, cristalline avec des reflets ros\u00e9s. Le nez est frais, fruit\u00e9 avec de subtils ar\u00f4mes d\u2019agrumes, de mirabelles et de fruits blancs.<\/p>\n","protected":false},"featured_media":3234,"template":"","meta":[],"product_brand":[],"product_cat":[18],"product_tag":[],"class_list":{"0":"post-688","1":"product","2":"type-product","3":"status-publish","4":"has-post-thumbnail","6":"product_cat-vin-rose","8":"first","9":"instock","10":"shipping-taxable","11":"purchasable","12":"product-type-simple"},"acf":[],"_links":{"self":[{"href":"https:\/\/mademoiselle-winery.com\/index.php?rest_route=\/wp\/v2\/product\/688","targetHints":{"allow":["GET"]}}],"collection":[{"href":"https:\/\/mademoiselle-winery.com\/index.php?rest_route=\/wp\/v2\/product"}],"about":[{"href":"https:\/\/mademoiselle-winery.com\/index.php?rest_route=\/wp\/v2\/types\/product"}],"wp:featuredmedia":[{"embeddable":true,"href":"https:\/\/mademoiselle-winery.com\/index.php?rest_route=\/wp\/v2\/media\/3234"}],"wp:attachment":[{"href":"https:\/\/mademoiselle-winery.com\/index.php?rest_route=%2Fwp%2Fv2%2Fmedia&parent=688"}],"wp:term":[{"taxonomy":"product_brand","embeddable":true,"href":"https:\/\/mademoiselle-winery.com\/index.php?rest_route=%2Fwp%2Fv2%2Fproduct_brand&post=688"},{"taxonomy":"product_cat","embeddable":true,"href":"https:\/\/mademoiselle-winery.com\/index.php?rest_route=%2Fwp%2Fv2%2Fproduct_cat&post=688"},{"taxonomy":"product_tag","embeddable":true,"href":"https:\/\/mademoiselle-winery.com\/index.php?rest_route=%2Fwp%2Fv2%2Fproduct_tag&post=688"}],"curies":[{"name":"wp","href":"https:\/\/api.w.org\/{rel}","templated":true}]}}